{"id":2,"date":"2022-08-26T14:09:51","date_gmt":"2022-08-26T14:09:51","guid":{"rendered":"https:\/\/diesel-esslingen.de\/?page_id=2"},"modified":"2023-07-14T10:22:21","modified_gmt":"2023-07-14T10:22:21","slug":"sample-page","status":"publish","type":"page","link":"https:\/\/diesel-esslingen.de\/?page_id=2","title":{"rendered":"Impressum"},"content":{"rendered":"\t\t<div data-elementor-type=\"wp-page\" data-elementor-id=\"2\" class=\"elementor elementor-2\">\n\t\t\t\t\t\t\t\t\t<section class=\"elementor-section elementor-top-section elementor-element elementor-element-ad1852f elementor-section-boxed elementor-section-height-default elementor-section-height-default\" data-id=\"ad1852f\" data-element_type=\"section\">\n\t\t\t\t\t\t<div class=\"elementor-container elementor-column-gap-default\">\n\t\t\t\t\t<div class=\"elementor-column elementor-col-100 elementor-top-column elementor-element elementor-element-a7570c5\" data-id=\"a7570c5\" data-element_type=\"column\">\n\t\t\t<div class=\"elementor-widget-wrap elementor-element-populated\">\n\t\t\t\t\t\t\t\t<div class=\"elementor-element elementor-element-13e55c2b elementor-widget elementor-widget-text-editor\" data-id=\"13e55c2b\" data-element_type=\"widget\" data-widget_type=\"text-editor.default\">\n\t\t\t\t<div class=\"elementor-widget-container\">\n\t\t\t<style>\/*! elementor - v3.7.8 - 02-10-2022 *\/\n.elementor-widget-text-editor.elementor-drop-cap-view-stacked .elementor-drop-cap{background-color:#818a91;color:#fff}.elementor-widget-text-editor.elementor-drop-cap-view-framed .elementor-drop-cap{color:#818a91;border:3px solid;background-color:transparent}.elementor-widget-text-editor:not(.elementor-drop-cap-view-default) .elementor-drop-cap{margin-top:8px}.elementor-widget-text-editor:not(.elementor-drop-cap-view-default) .elementor-drop-cap-letter{width:1em;height:1em}.elementor-widget-text-editor .elementor-drop-cap{float:left;text-align:center;line-height:1;font-size:50px}.elementor-widget-text-editor .elementor-drop-cap-letter{display:inline-block}<\/style>\t\t\t\t<div class=\"elementor-column elementor-col-100 elementor-top-column elementor-element elementor-element-996e6c6\" data-id=\"996e6c6\" data-element_type=\"column\"><div class=\"elementor-widget-wrap elementor-element-populated\"><section class=\"elementor-section elementor-inner-section elementor-element elementor-element-6cba817 elementor-section-content-middle elementor-section-boxed elementor-section-height-default elementor-section-height-default\" data-id=\"6cba817\" data-element_type=\"section\" data-section-luminosity=\"dark\"><div class=\"elementor-container elementor-column-gap-default\"><div class=\"elementor-column elementor-col-100 elementor-inner-column elementor-element elementor-element-595f056\" data-id=\"595f056\" data-element_type=\"column\"><div class=\"elementor-widget-wrap elementor-element-populated\"><div class=\"elementor-element elementor-element-c7a761f elementor-widget elementor-widget-hub_fancy_heading\" data-id=\"c7a761f\" data-element_type=\"widget\" data-widget_type=\"hub_fancy_heading.default\"><div class=\"elementor-widget-container\"><div id=\"ld-fancy-heading-634d32d631c19\" class=\"ld-fancy-heading pos-rel\"><h3 class=\"ld-fh-element d-inline-block pos-rel elementor-heading-title normal lqd-highlight-classic lqd-highlight-grow-left h3\">Impressum<\/h3><\/div><\/div><\/div><div class=\"elementor-element elementor-element-3e9e813 elementor-widget elementor-widget-text-editor\" data-id=\"3e9e813\" data-element_type=\"widget\" data-widget_type=\"text-editor.default\"><div class=\"elementor-widget-container\"><div><p><strong>Verantwortlicher im Sinne des \u00a75 TMG:<\/strong><\/p><p>HEINRICH IMMOBILIEN GMBH<br \/>Gesch\u00e4ftsf\u00fchrer: Gerd Heinrich<br \/>Gesch\u00e4ftsf\u00fchrerin: Tina Heinrich<br \/>Gesch\u00e4ftsf\u00fchrer: Marco Heinrich<\/p><p>Heppacher Str. 39, 71404 Korb<br \/>Tel: (0 71 51) 9 39 01-0<br \/>Fax: (0 71 51) 9 39 01-39<br \/>info@HEINRICHIMMOBILIEN.de<\/p><p><strong>Gewerbebeh\u00f6rde:<\/strong><\/p><p>Gemeinde Korb, Gewerbeamt<\/p><p><strong>Registergericht<\/strong><\/p><p>Amtsgericht: Stuttgart<br \/>HEINRICH IMMOBILIEN GMBH HRB 264306<\/p><p><strong>Umsatzsteuernummer<\/strong><\/p><p>Ust-Id-Nr: DE 211 304 324<\/p><p>Zust\u00e4ndige Aufsichtsbeh\u00f6rde f\u00fcr die T\u00e4tigkeit nach \u00a7 34c GewO:<\/p><p>IHK Region Stuttgart<br \/>J\u00e4gerstr. 30<br \/>70174 Stuttgart<\/p><p><strong>Technische Fragen zur Website:<\/strong><\/p><p>webmaster@HEINRICHIMMOBILIEN.de<\/p><p><strong>Rechtliche Hinweise zum Urheberrecht<\/strong><\/p><p>Das Layout der Homepage, die verwendeten Grafiken sowie die sonstigen Inhalte sind urheberrechtlich gesch\u00fctzt.<\/p><p>\u00a9 HEINRICH IMMOBILIEN GMBH<\/p><p><strong>Rechtliche Hinweise zur Haftung<\/strong><\/p><p>Die HEINRICH IMMOBILIEN GMBH (nachfolgend Anbieter genannt) ist um Richtigkeit und Aktualit\u00e4t der auf dieser Internetpr\u00e4senz bereitgestellten Informationen bem\u00fcht. Trotzdem k\u00f6nnen Fehler und Unklarheiten nicht vollst\u00e4ndig ausgeschlossen werden. Der Anbieter \u00fcbernimmt deshalb keine Gew\u00e4hr f\u00fcr die Aktualit\u00e4t, Richtigkeit, Vollst\u00e4ndigkeit oder Qualit\u00e4t der bereit gestellten Informationen. F\u00fcr Sch\u00e4den materieller oder immaterieller Art, die durch die Nutzung oder Nichtnutzung der dargebotenen Informationen bzw. durch die Nutzung fehlerhafter und unvollst\u00e4ndiger Informationen unmittelbar oder mittelbar verursacht werden, haftet der Anbieter nicht, sofern ihm nicht nachweislich vors\u00e4tzliches oder grob fahrl\u00e4ssiges Verschulden zur Last f\u00e4llt. Gleiches gilt f\u00fcr kostenlos zum Download bereitgehaltene Software. Der Anbieter beh\u00e4lt es sich vor, Teile des Internetangebots oder das gesamte Angebot ohne gesonderte Ank\u00fcndigung zu ver\u00e4ndern, zu erg\u00e4nzen, zu l\u00f6schen oder die Ver\u00f6ffentlichung zeitweise oder endg\u00fcltig einzustellen. Die Verantwortlichkeit f\u00fcr \u201efremde Inhalte\u201c, die beispielsweise durch direkte oder indirekte Verkn\u00fcpfungen (z.B. so genannte \u201eLinks\u201c) zu anderen Anbietern bereitgehalten werden, setzt unter anderem positive Kenntnis des rechtswidrigen bzw. strafbaren Inhaltes voraus. \u201eFremde Inhalte\u201c sind in geeigneter Weise gekennzeichnet. Der Anbieter hat auf \u201efremde Inhalte\u201c keinerlei Einfluss und macht sich diese Inhalte auch nicht zu Eigen. Der Anbieter hat keine positive Kenntnis \u00fcber rechtswidrige Inhalte auf den verkn\u00fcpften Seiten fremder Anbieter. Sollten auf den verkn\u00fcpften Seiten fremder Anbieter dennoch rechtswidrige Inhalte enthalten sein, so distanziert sich der Anbieter von diesen Inhalten ausdr\u00fccklich.<\/p><p><strong>Ombudsmann Immobilien IVD\/VPB \u2013 Informationspflicht nach \u00a7 36 VSBG<\/strong><\/p><p>Der Immobilienverband Deutschland IVD e.V. hat mit Beteiligung des Verbraucherverbandes Verband Privater Bauherren e.V. (VPB) eine Schlichtungsstelle nach Ma\u00dfgabe des Verbraucherstreitbeilegungsgesetzes (VSBG) eingerichtet. Vor der Schlichtungsstelle k\u00f6nnen u. a. Streitigkeiten zwischen Verbrauchern und Mitgliedern des IVD in einem au\u00dfergerichtlichen Schlichtungsverfahren beigelegt werden.<\/p><p>Die Firma (IVD Mitglied) ist Mitglied im IVD und aufgrund der Satzung des IVD verpflichtet, gegen\u00fcber der Ombudsstelle eine schriftliche Stellungnahme abzugeben, wenn diese ein Verfahren einleitet. An Schlichtungsverfahren bei anderen Schlichtungsstellen nimmt die (Firma IVD Mitglied) grunds\u00e4tzlich nicht teil. Die Anschrift der Schlichtungsstelle des IVD lautet: Ombudsmann Immobilien IVD\/VPB \u2013 Grunderwerb und -verwaltung, Littenstra\u00dfe 10, 10179 Berlin. Weitere Informationen zur Schlichtungsstelle (z.B. weitere Kommunikationsdaten, Verfahrensordnung) erhalten Sie unter <a href=\"http:\/\/www.ombudsmann-immobilien.net\" target=\"_blank\" rel=\"noopener\">http:\/\/www.ombudsmann-immobilien.net<\/a>.<\/p><p><strong>Online-Streitbeilegung gem\u00e4\u00df Art. 14 Abs. 1 ODR-VO<\/strong><\/p><p>Die Europ\u00e4ische Kommission stellt eine Plattform zur Online-Streitbeilegung (OS) bereit, die Sie hier finden: <a href=\"http:\/\/ec.europa.eu\/consumers\/odr\" target=\"_blank\" rel=\"noopener\">http:\/\/ec.europa.eu\/consumers\/odr<\/a>.<\/p><\/div><\/div><\/div><\/div><\/div><\/div><\/section><\/div><\/div>\t\t\t\t\t\t<\/div>\n\t\t\t\t<\/div>\n\t\t\t\t\t<\/div>\n\t\t<\/div>\n\t\t\t\t\t\t\t<\/div>\n\t\t<\/section>\n\t\t\t\t\t\t\t<\/div>\n\t\t","protected":false},"excerpt":{"rendered":"<p>Impressum Verantwortlicher im Sinne des \u00a75 TMG: HEINRICH IMMOBILIEN GMBHGesch\u00e4ftsf\u00fchrer: Gerd HeinrichGesch\u00e4ftsf\u00fchrerin: Tina HeinrichGesch\u00e4ftsf\u00fchrer: Marco Heinrich Heppacher Str. 39, 71404 KorbTel: (0 71 51) 9 39 01-0Fax: (0 71 51) 9 39 01-39info@HEINRICHIMMOBILIEN.de Gewerbebeh\u00f6rde: Gemeinde Korb, Gewerbeamt Registergericht Amtsgericht: StuttgartHEINRICH IMMOBILIEN GMBH HRB 264306 Umsatzsteuernummer Ust-Id-Nr: DE 211 304 324 Zust\u00e4ndige Aufsichtsbeh\u00f6rde f\u00fcr die T\u00e4tigkeit [&hellip;]<\/p>\n","protected":false},"author":1,"featured_media":0,"parent":0,"menu_order":0,"comment_status":"closed","ping_status":"open","template":"","meta":{"footnotes":""},"class_list":["post-2","page","type-page","status-publish","hentry"],"_links":{"self":[{"href":"https:\/\/diesel-esslingen.de\/index.php?rest_route=\/wp\/v2\/pages\/2","targetHints":{"allow":["GET"]}}],"collection":[{"href":"https:\/\/diesel-esslingen.de\/index.php?rest_route=\/wp\/v2\/pages"}],"about":[{"href":"https:\/\/diesel-esslingen.de\/index.php?rest_route=\/wp\/v2\/types\/page"}],"author":[{"embeddable":true,"href":"https:\/\/diesel-esslingen.de\/index.php?rest_route=\/wp\/v2\/users\/1"}],"replies":[{"embeddable":true,"href":"https:\/\/diesel-esslingen.de\/index.php?rest_route=%2Fwp%2Fv2%2Fcomments&post=2"}],"version-history":[{"count":7,"href":"https:\/\/diesel-esslingen.de\/index.php?rest_route=\/wp\/v2\/pages\/2\/revisions"}],"predecessor-version":[{"id":8488,"href":"https:\/\/diesel-esslingen.de\/index.php?rest_route=\/wp\/v2\/pages\/2\/revisions\/8488"}],"wp:attachment":[{"href":"https:\/\/diesel-esslingen.de\/index.php?rest_route=%2Fwp%2Fv2%2Fmedia&parent=2"}],"curies":[{"name":"wp","href":"https:\/\/api.w.org\/{rel}","templated":true}]}}